{"id":198,"date":"2026-01-05T02:00:23","date_gmt":"2026-01-04T23:00:23","guid":{"rendered":"https:\/\/w2-mb.milidia.com\/?page_id=198"},"modified":"2026-01-05T02:00:23","modified_gmt":"2026-01-04T23:00:23","slug":"iot","status":"publish","type":"page","link":"https:\/\/w2-mb.milidia.com\/?page_id=198","title":{"rendered":"IOT"},"content":{"rendered":"<p>[et_pb_section fb_built=&#8221;1&#8243; admin_label=&#8221;Hero&#8221; _builder_version=&#8221;4.24.3&#8243; _module_preset=&#8221;default&#8221; use_background_color_gradient=&#8221;on&#8221; background_color_gradient_stops=&#8221;gcid-primary-color 0%|rgba(255,255,255,0) 100%&#8221; background_color_gradient_overlays_image=&#8221;on&#8221; background_image=&#8221;https:\/\/w2-mb.milidia.com\/wp-content\/uploads\/2026\/01\/0-7ec17194-3106-4394-8647-18648a0de284-1000&#215;1000.jpg&#8221; custom_padding=&#8221;||8vw||false|false&#8221; hover_enabled=&#8221;0&#8243; locked=&#8221;off&#8221; template_type=&#8221;section&#8221; collapsed=&#8221;on&#8221; global_colors_info=&#8221;{%22gcid-primary-color%22:%91%22background_color_gradient_stops%22%93}&#8221;][et_pb_row column_structure=&#8221;1_4,3_4&#8243; _builder_version=&#8221;4.24.3&#8243; _module_preset=&#8221;5138c454-be54-4233-bd3b-f8e6a8747976&#8243; custom_padding=&#8221;0px|||||&#8221; hover_enabled=&#8221;0&#8243; global_colors_info=&#8221;{}&#8221;][et_pb_column type=&#8221;1_4&#8243; _builder_version=&#8221;4.16.0&#8243; _module_preset=&#8221;73121f80-a3ef-4484-8763-c3f18e3c56d2&#8243; hover_enabled=&#8221;0&#8243; global_colors_info=&#8221;{}&#8221;][\/et_pb_column][et_pb_column type=&#8221;3_4&#8243; _builder_version=&#8221;4.24.3&#8243; _module_preset=&#8221;73121f80-a3ef-4484-8763-c3f18e3c56d2&#8243; background_color=&#8221;gcid-primary-color&#8221; custom_padding=&#8221;60px|60px|60px|60px|true|true&#8221; custom_padding_tablet=&#8221;30px|30px|30px|30px|true|true&#8221; custom_padding_phone=&#8221;20px|20px|20px|20px|true|true&#8221; custom_padding_last_edited=&#8221;on|desktop&#8221; hover_enabled=&#8221;0&#8243; border_radii=&#8221;on|6px|6px|6px|6px&#8221; global_colors_info=&#8221;{%22gcid-primary-color%22:%91%22background_color%22%93}&#8221;][et_pb_heading title=&#8221;Gelece\u011fi \u015eekillendiren IoT \u00c7\u00f6z\u00fcmleri&#8221; _builder_version=&#8221;4.24.3&#8243; _module_preset=&#8221;ddeb8c09-9078-4424-bc15-2efb6572e28e&#8221; title_text_color=&#8221;#FFFFFF&#8221; hover_enabled=&#8221;0&#8243; locked=&#8221;off&#8221; global_colors_info=&#8221;{}&#8221;][\/et_pb_heading][et_pb_text _builder_version=&#8221;4.24.2&#8243; _module_preset=&#8221;0504de1e-f5ff-4281-ba60-cbbe4edf98bc&#8221; hover_enabled=&#8221;0&#8243; locked=&#8221;off&#8221; global_colors_info=&#8221;{}&#8221;]<\/p>\n<p>Milidia Bili\u015fim, IoT teknolojileriyle i\u015fletmenizi gelece\u011fe ta\u015f\u0131yor. Yenilik\u00e7i \u00e7\u00f6z\u00fcmlerimizle verimlili\u011fi art\u0131r\u0131n ve rekabette \u00f6ne ge\u00e7in.<\/p>\n<p>[\/et_pb_text][et_pb_button button_text=&#8221;\u00c7\u00f6z\u00fcmlerimizi Ke\u015ffedin&#8221; _builder_version=&#8221;4.24.3&#8243; _module_preset=&#8221;ab15fb74-61a3-43aa-96b3-41e09aeef654&#8243; hover_enabled=&#8221;0&#8243; locked=&#8221;off&#8221; global_colors_info=&#8221;{}&#8221;][\/et_pb_button][\/et_pb_column][\/et_pb_row][\/et_pb_section][et_pb_section fb_built=&#8221;1&#8243; admin_label=&#8221;About&#8221; _builder_version=&#8221;4.25.1&#8243; _module_preset=&#8221;default&#8221; hover_enabled=&#8221;0&#8243; template_type=&#8221;section&#8221; collapsed=&#8221;on&#8221; global_colors_info=&#8221;{}&#8221;][et_pb_row _builder_version=&#8221;4.25.1&#8243; _module_preset=&#8221;048d8e79-b07f-439b-bd57-f41c14f0a56b&#8221; hover_enabled=&#8221;0&#8243; global_colors_info=&#8221;{}&#8221;][et_pb_column type=&#8221;4_4&#8243; _builder_version=&#8221;4.25.1&#8243; _module_preset=&#8221;default&#8221; hover_enabled=&#8221;0&#8243; global_colors_info=&#8221;{}&#8221;][et_pb_heading title=&#8221;Milidia Bili\u015fim IoT Uzmanl\u0131\u011f\u0131&#8221; _builder_version=&#8221;4.25.1&#8243; _module_preset=&#8221;c33f07d9-41e0-421a-8799-5799df695cce&#8221; hover_enabled=&#8221;0&#8243; global_colors_info=&#8221;{}&#8221;][\/et_pb_heading][et_pb_text _builder_version=&#8221;4.25.1&#8243; _module_preset=&#8221;2c55a9c4-feed-423b-9edb-ae0b5b365cac&#8221; hover_enabled=&#8221;0&#8243; global_colors_info=&#8221;{}&#8221;]Milidia Bili\u015fim, IoT alan\u0131nda geni\u015f bir deneyime sahip olup, i\u015fletmelerin dijital d\u00f6n\u00fc\u015f\u00fcm s\u00fcre\u00e7lerini h\u0131zland\u0131rmak i\u00e7in yenilik\u00e7i \u00e7\u00f6z\u00fcmler sunmaktad\u0131r. IoT projelerimiz, veri analiti\u011fi, cihaz entegrasyonu ve g\u00fcvenlik konular\u0131nda kapsaml\u0131 bir yakla\u015f\u0131m sergiler. Misyonumuz, m\u00fc\u015fterilerimize en iyi hizmeti sunarak, teknolojiyi etkin bir \u015fekilde kullanmalar\u0131n\u0131 sa\u011flamakt\u0131r.[\/et_pb_text][\/et_pb_column][\/et_pb_row][\/et_pb_section][et_pb_section fb_built=&#8221;1&#8243; admin_label=&#8221;Portfolio&#8221; _builder_version=&#8221;4.25.1&#8243; _module_preset=&#8221;default&#8221; hover_enabled=&#8221;0&#8243; template_type=&#8221;section&#8221; collapsed=&#8221;on&#8221; global_colors_info=&#8221;{}&#8221;][et_pb_row _builder_version=&#8221;4.25.1&#8243; _module_preset=&#8221;default&#8221; hover_enabled=&#8221;0&#8243; locked=&#8221;off&#8221; global_colors_info=&#8221;{}&#8221;][et_pb_column type=&#8221;4_4&#8243; _builder_version=&#8221;4.25.1&#8243; _module_preset=&#8221;default&#8221; hover_enabled=&#8221;0&#8243; global_colors_info=&#8221;{}&#8221;][et_pb_heading title=&#8221;Ba\u015far\u0131l\u0131 IoT Projelerimiz&#8221; _builder_version=&#8221;4.25.1&#8243; _module_preset=&#8221;c33f07d9-41e0-421a-8799-5799df695cce&#8221; title_text_align=&#8221;center&#8221; hover_enabled=&#8221;0&#8243; locked=&#8221;off&#8221; global_colors_info=&#8221;{}&#8221;][\/et_pb_heading][\/et_pb_column][\/et_pb_row][et_pb_row _builder_version=&#8221;4.25.1&#8243; _module_preset=&#8221;default&#8221; hover_enabled=&#8221;0&#8243; global_colors_info=&#8221;{}&#8221;][et_pb_column type=&#8221;4_4&#8243; _builder_version=&#8221;4.25.1&#8243; _module_preset=&#8221;default&#8221; hover_enabled=&#8221;0&#8243; global_colors_info=&#8221;{}&#8221;][et_pb_portfolio posts_number=&#8221;4&#8243; _builder_version=&#8221;4.25.1&#8243; _module_preset=&#8221;16b7bc21-a621-4d88-8c77-961c29793ef0&#8243; hover_enabled=&#8221;0&#8243; global_colors_info=&#8221;{}&#8221;][\/et_pb_portfolio][\/et_pb_column][\/et_pb_row][\/et_pb_section][et_pb_section fb_built=&#8221;1&#8243; admin_label=&#8221;Features&#8221; _builder_version=&#8221;4.19.0&#8243; _module_preset=&#8221;default&#8221; hover_enabled=&#8221;0&#8243; locked=&#8221;off&#8221; template_type=&#8221;section&#8221; collapsed=&#8221;on&#8221; global_colors_info=&#8221;{}&#8221;][et_pb_row _builder_version=&#8221;4.17.6&#8243; _module_preset=&#8221;5138c454-be54-4233-bd3b-f8e6a8747976&#8243; hover_enabled=&#8221;0&#8243; locked=&#8221;off&#8221; global_colors_info=&#8221;{}&#8221;][et_pb_column type=&#8221;4_4&#8243; _builder_version=&#8221;4.17.3&#8243; _module_preset=&#8221;73121f80-a3ef-4484-8763-c3f18e3c56d2&#8243; hover_enabled=&#8221;0&#8243; global_colors_info=&#8221;{}&#8221;][et_pb_heading title=&#8221;Kullan\u0131lan Teknolojiler&#8221; _builder_version=&#8221;4.24.2&#8243; _module_preset=&#8221;c33f07d9-41e0-421a-8799-5799df695cce&#8221; hover_enabled=&#8221;0&#8243; locked=&#8221;off&#8221; global_colors_info=&#8221;{}&#8221;][\/et_pb_heading][\/et_pb_column][\/et_pb_row][et_pb_row column_structure=&#8221;1_3,1_3,1_3&#8243; custom_padding_last_edited=&#8221;on|tablet&#8221; _builder_version=&#8221;4.24.2&#8243; _module_preset=&#8221;5138c454-be54-4233-bd3b-f8e6a8747976&#8243; custom_padding_tablet=&#8221;||0px||false|false&#8221; custom_padding_phone=&#8221;||0px||false|false&#8221; hover_enabled=&#8221;0&#8243; locked=&#8221;off&#8221; global_colors_info=&#8221;{}&#8221;][et_pb_column type=&#8221;1_3&#8243; _builder_version=&#8221;4.18.0&#8243; _module_preset=&#8221;73121f80-a3ef-4484-8763-c3f18e3c56d2&#8243; hover_enabled=&#8221;0&#8243; global_colors_info=&#8221;{}&#8221;][et_pb_blurb title=&#8221;Sens\u00f6r Entegrasyonu&#8221; use_icon=&#8221;on&#8221; font_icon=&#8221;&#xf0ae;||fa||900&#8243; _builder_version=&#8221;4.24.3&#8243; _module_preset=&#8221;212b201d-2c34-41bd-936c-851b7357d08b&#8221; hover_enabled=&#8221;0&#8243; global_colors_info=&#8221;{%22gcid-body-color%22:%91%22body_text_color%22,%22body_text_color%22%93,%22gcid-heading-color%22:%91%22header_text_color%22,%22header_text_color%22%93}&#8221;]<\/p>\n<p>Milidia Bili\u015fim, \u00e7e\u015fitli sens\u00f6rleri IoT sistemlerine entegre ederek ger\u00e7ek zamanl\u0131 veri toplama ve analiz imkan\u0131 sunar.<\/p>\n<p>[\/et_pb_blurb][\/et_pb_column][et_pb_column type=&#8221;1_3&#8243; _builder_version=&#8221;4.18.0&#8243; _module_preset=&#8221;73121f80-a3ef-4484-8763-c3f18e3c56d2&#8243; hover_enabled=&#8221;0&#8243; global_colors_info=&#8221;{}&#8221;][et_pb_blurb title=&#8221;Bulut Bili\u015fim&#8221; use_icon=&#8221;on&#8221; font_icon=&#8221;&#xf743;||fa||900&#8243; _builder_version=&#8221;4.24.3&#8243; _module_preset=&#8221;212b201d-2c34-41bd-936c-851b7357d08b&#8221; hover_enabled=&#8221;0&#8243; locked=&#8221;off&#8221; global_colors_info=&#8221;{%22gcid-body-color%22:%91%22body_text_color%22,%22body_text_color%22%93,%22gcid-heading-color%22:%91%22header_text_color%22,%22header_text_color%22,%22header_text_color%22,%22header_text_color%22%93,%22gcid-secondary-color%22:%91%22icon_color%22%93}&#8221;]<\/p>\n<p>IoT \u00e7\u00f6z\u00fcmlerimiz, bulut bili\u015fim altyap\u0131s\u0131 ile desteklenerek verilerin g\u00fcvenli ve h\u0131zl\u0131 bir \u015fekilde i\u015flenmesini sa\u011flar.<\/p>\n<p>[\/et_pb_blurb][\/et_pb_column][et_pb_column type=&#8221;1_3&#8243; _builder_version=&#8221;4.18.0&#8243; _module_preset=&#8221;73121f80-a3ef-4484-8763-c3f18e3c56d2&#8243; hover_enabled=&#8221;0&#8243; global_colors_info=&#8221;{}&#8221;][et_pb_blurb title=&#8221;Yapay Zeka Analiti\u011fi&#8221; use_icon=&#8221;on&#8221; font_icon=&#8221;&#xf200;||fa||900&#8243; _builder_version=&#8221;4.24.3&#8243; _module_preset=&#8221;212b201d-2c34-41bd-936c-851b7357d08b&#8221; hover_enabled=&#8221;0&#8243; locked=&#8221;off&#8221; global_colors_info=&#8221;{%22gcid-body-color%22:%91%22body_text_color%22,%22body_text_color%22,%22body_text_color%22,%22body_text_color%22%93,%22gcid-heading-color%22:%91%22header_text_color%22,%22header_text_color%22,%22header_text_color%22,%22header_text_color%22%93,%22gcid-secondary-color%22:%91%22icon_color%22%93}&#8221;]<\/p>\n<p>Yapay zeka tabanl\u0131 analiz ara\u00e7lar\u0131m\u0131z, IoT verilerini anlamland\u0131rarak daha iyi kararlar alman\u0131za yard\u0131mc\u0131 olur.<\/p>\n<p>[\/et_pb_blurb][\/et_pb_column][\/et_pb_row][\/et_pb_section][et_pb_section fb_built=&#8221;1&#8243; admin_label=&#8221;Testimonials&#8221; _builder_version=&#8221;4.16&#8243; _module_preset=&#8221;default&#8221; hover_enabled=&#8221;0&#8243; locked=&#8221;off&#8221; template_type=&#8221;section&#8221; collapsed=&#8221;on&#8221; global_colors_info=&#8221;{}&#8221;][et_pb_row _builder_version=&#8221;4.17.6&#8243; _module_preset=&#8221;5138c454-be54-4233-bd3b-f8e6a8747976&#8243; hover_enabled=&#8221;0&#8243; global_colors_info=&#8221;{}&#8221;][et_pb_column type=&#8221;4_4&#8243; _builder_version=&#8221;4.16&#8243; _module_preset=&#8221;73121f80-a3ef-4484-8763-c3f18e3c56d2&#8243; hover_enabled=&#8221;0&#8243; global_colors_info=&#8221;{}&#8221;][et_pb_heading title=&#8221;M\u00fc\u015fteri Yorumlar\u0131&#8221; _builder_version=&#8221;4.24.2&#8243; _module_preset=&#8221;c33f07d9-41e0-421a-8799-5799df695cce&#8221; hover_enabled=&#8221;0&#8243; locked=&#8221;off&#8221; global_colors_info=&#8221;{}&#8221;][\/et_pb_heading][\/et_pb_column][\/et_pb_row][et_pb_row column_structure=&#8221;1_2,1_2&#8243; _builder_version=&#8221;4.17.6&#8243; _module_preset=&#8221;5138c454-be54-4233-bd3b-f8e6a8747976&#8243; hover_enabled=&#8221;0&#8243; global_colors_info=&#8221;{}&#8221;][et_pb_column type=&#8221;1_2&#8243; _builder_version=&#8221;4.16&#8243; _module_preset=&#8221;73121f80-a3ef-4484-8763-c3f18e3c56d2&#8243; hover_enabled=&#8221;0&#8243; global_colors_info=&#8221;{}&#8221;][et_pb_icon font_icon=&#8221;&#xf10d;||fa||900&#8243; icon_color=&#8221;gcid-secondary-color&#8221; module_class=&#8221;ai_ignore_font_icon&#8221; _builder_version=&#8221;4.24.3&#8243; _module_preset=&#8221;e1bb7f25-3cb3-46ff-8d8e-70235688eba8&#8243; hover_enabled=&#8221;0&#8243; locked=&#8221;off&#8221; global_colors_info=&#8221;{%22gcid-secondary-color%22:%91%22icon_color%22%93}&#8221;][\/et_pb_icon][et_pb_blurb title=&#8221;Milidia Bili\u015fim ile Ba\u015far\u0131&#8221; image=&#8221;https:\/\/w2-mb.milidia.com\/wp-content\/uploads\/2026\/01\/new-portrait-7-800&#215;800-1-800&#215;800.jpg&#8221; _builder_version=&#8221;4.24.3&#8243; _module_preset=&#8221;203c76fc-aee0-4484-9be1-f0e2ebd81a8f&#8221; hover_enabled=&#8221;0&#8243; locked=&#8221;off&#8221; global_colors_info=&#8221;{%22gcid-36fd78a7-34bc-404d-873c-dafa34efaae5%22:%91%22body_text_color%22%93}&#8221;]<\/p>\n<p>Ahmet Y\u0131lmaz<\/p>\n<p>[\/et_pb_blurb][\/et_pb_column][et_pb_column type=&#8221;1_2&#8243; _builder_version=&#8221;4.16&#8243; _module_preset=&#8221;73121f80-a3ef-4484-8763-c3f18e3c56d2&#8243; hover_enabled=&#8221;0&#8243; global_colors_info=&#8221;{}&#8221;][et_pb_icon font_icon=&#8221;&#xf10d;||fa||900&#8243; icon_color=&#8221;gcid-secondary-color&#8221; module_class=&#8221;ai_ignore_font_icon&#8221; _builder_version=&#8221;4.24.3&#8243; _module_preset=&#8221;e1bb7f25-3cb3-46ff-8d8e-70235688eba8&#8243; hover_enabled=&#8221;0&#8243; locked=&#8221;off&#8221; global_colors_info=&#8221;{%22gcid-secondary-color%22:%91%22icon_color%22%93,%22gcid-f2943306-fa6c-45f0-b632-5fc00151366a%22:%91%22icon_color%22%93}&#8221;][\/et_pb_icon][et_pb_blurb title=&#8221;G\u00fcvenilir IoT \u00c7\u00f6z\u00fcmleri&#8221; image=&#8221;https:\/\/w2-mb.milidia.com\/wp-content\/uploads\/2026\/01\/new-portrait-11-800&#215;800-1-3-800&#215;800.jpg&#8221; _builder_version=&#8221;4.24.3&#8243; _module_preset=&#8221;203c76fc-aee0-4484-9be1-f0e2ebd81a8f&#8221; hover_enabled=&#8221;0&#8243; locked=&#8221;off&#8221; global_colors_info=&#8221;{%22gcid-36fd78a7-34bc-404d-873c-dafa34efaae5%22:%91%22icon_color%22,%22icon_color%22,%22icon_color%22,%22body_text_color%22%93}&#8221;]<\/p>\n<p>Elif Kaya<\/p>\n<p>[\/et_pb_blurb][\/et_pb_column][\/et_pb_row][\/et_pb_section][et_pb_section fb_built=&#8221;1&#8243; admin_label=&#8221;Call to Action&#8221; _builder_version=&#8221;4.18.0&#8243; _module_preset=&#8221;default&#8221; hover_enabled=&#8221;0&#8243; locked=&#8221;off&#8221; template_type=&#8221;section&#8221; collapsed=&#8221;on&#8221; global_colors_info=&#8221;{}&#8221;][et_pb_row column_structure=&#8221;2_3,1_3&#8243; _builder_version=&#8221;4.18.0&#8243; _module_preset=&#8221;5138c454-be54-4233-bd3b-f8e6a8747976&#8243; hover_enabled=&#8221;0&#8243; global_colors_info=&#8221;{}&#8221;][et_pb_column type=&#8221;2_3&#8243; _builder_version=&#8221;4.18.0&#8243; _module_preset=&#8221;73121f80-a3ef-4484-8763-c3f18e3c56d2&#8243; hover_enabled=&#8221;0&#8243; global_colors_info=&#8221;{}&#8221;][et_pb_blurb title=&#8221;Bizimle \u0130leti\u015fime Ge\u00e7in&#8221; use_icon=&#8221;on&#8221; font_icon=&#8221;&#xf199;||fa||900&#8243; icon_color=&#8221;gcid-secondary-color&#8221; _builder_version=&#8221;4.24.3&#8243; _module_preset=&#8221;65059203-12d3-44f6-8371-3f5cf61a0475&#8243; hover_enabled=&#8221;0&#8243; global_colors_info=&#8221;{%22gcid-36fd78a7-34bc-404d-873c-dafa34efaae5%22:%91%22image_icon_background_color%22,%22button_text_color%22%93,%22gcid-heading-color%22:%91%22header_text_color%22%93,%22gcid-body-color%22:%91%22body_text_color%22%93,%22gcid-f2943306-fa6c-45f0-b632-5fc00151366a%22:%91%22button_text_color%22%93,%22gcid-secondary-color%22:%91%22icon_color%22%93}&#8221;]<\/p>\n<p>Milidia Bili\u015fim&#8217;in IoT \u00e7\u00f6z\u00fcmleri hakk\u0131nda daha fazla bilgi almak i\u00e7in bizimle ileti\u015fime ge\u00e7in. Uzman ekibimiz, ihtiya\u00e7lar\u0131n\u0131za \u00f6zel \u00e7\u00f6z\u00fcmler sunmak i\u00e7in haz\u0131r.<\/p>\n<p>[\/et_pb_blurb][\/et_pb_column][et_pb_column type=&#8221;1_3&#8243; _builder_version=&#8221;4.18.0&#8243; _module_preset=&#8221;73121f80-a3ef-4484-8763-c3f18e3c56d2&#8243; hover_enabled=&#8221;0&#8243; global_colors_info=&#8221;{}&#8221;][et_pb_button button_text=&#8221;Daha Fazla Bilgi Al\u0131n&#8221; button_alignment=&#8221;right&#8221; button_alignment_tablet=&#8221;left&#8221; button_alignment_phone=&#8221;left&#8221; button_alignment_last_edited=&#8221;on|tablet&#8221; _builder_version=&#8221;4.24.3&#8243; _module_preset=&#8221;1bffc0fc-42a0-49d1-bd9a-ae3ade2d7206&#8243; button_bg_color=&#8221;gcid-secondary-color&#8221; hover_enabled=&#8221;0&#8243; locked=&#8221;off&#8221; global_colors_info=&#8221;{%22gcid-secondary-color%22:%91%22button_bg_color%22%93}&#8221;][\/et_pb_button][\/et_pb_column][\/et_pb_row][\/et_pb_section]<\/p>\n","protected":false},"excerpt":{"rendered":"<p>Milidia Bili\u015fim, IoT teknolojileriyle i\u015fletmenizi gelece\u011fe ta\u015f\u0131yor. Yenilik\u00e7i \u00e7\u00f6z\u00fcmlerimizle verimlili\u011fi art\u0131r\u0131n ve rekabette \u00f6ne ge\u00e7in.Milidia Bili\u015fim, IoT alan\u0131nda geni\u015f bir deneyime sahip olup, i\u015fletmelerin dijital d\u00f6n\u00fc\u015f\u00fcm s\u00fcre\u00e7lerini h\u0131zland\u0131rmak i\u00e7in yenilik\u00e7i \u00e7\u00f6z\u00fcmler sunmaktad\u0131r. IoT projelerimiz, veri analiti\u011fi, cihaz entegrasyonu ve g\u00fcvenlik konular\u0131nda kapsaml\u0131 bir yakla\u015f\u0131m sergiler. Misyonumuz, m\u00fc\u015fterilerimize en iyi hizmeti sunarak, teknolojiyi etkin bir \u015fekilde [&hellip;]<\/p>\n","protected":false},"author":1,"featured_media":0,"parent":0,"menu_order":0,"comment_status":"closed","ping_status":"closed","template":"","meta":{"_et_pb_use_builder":"on","_et_pb_old_content":"","_et_gb_content_width":"","footnotes":""},"class_list":["post-198","page","type-page","status-publish","hentry"],"_links":{"self":[{"href":"https:\/\/w2-mb.milidia.com\/index.php?rest_route=\/wp\/v2\/pages\/198","targetHints":{"allow":["GET"]}}],"collection":[{"href":"https:\/\/w2-mb.milidia.com\/index.php?rest_route=\/wp\/v2\/pages"}],"about":[{"href":"https:\/\/w2-mb.milidia.com\/index.php?rest_route=\/wp\/v2\/types\/page"}],"author":[{"embeddable":true,"href":"https:\/\/w2-mb.milidia.com\/index.php?rest_route=\/wp\/v2\/users\/1"}],"replies":[{"embeddable":true,"href":"https:\/\/w2-mb.milidia.com\/index.php?rest_route=%2Fwp%2Fv2%2Fcomments&post=198"}],"version-history":[{"count":1,"href":"https:\/\/w2-mb.milidia.com\/index.php?rest_route=\/wp\/v2\/pages\/198\/revisions"}],"predecessor-version":[{"id":257,"href":"https:\/\/w2-mb.milidia.com\/index.php?rest_route=\/wp\/v2\/pages\/198\/revisions\/257"}],"wp:attachment":[{"href":"https:\/\/w2-mb.milidia.com\/index.php?rest_route=%2Fwp%2Fv2%2Fmedia&parent=198"}],"curies":[{"name":"wp","href":"https:\/\/api.w.org\/{rel}","templated":true}]}}